{"id":82,"date":"2024-03-03T20:55:10","date_gmt":"2024-03-03T17:55:10","guid":{"rendered":"https:\/\/safirdemo.com\/atolye\/hakkimizda\/"},"modified":"2024-10-18T00:48:20","modified_gmt":"2024-10-17T21:48:20","slug":"hakkimizda","status":"publish","type":"page","link":"http:\/\/www.mystarenerji.com\/Ru\/index.php\/hakkimizda\/","title":{"rendered":"\u041e \u043d\u0430\u0441"},"content":{"rendered":"\n<p id=\"tw-target-text\"><\/p>\n\n\n<div class=\"singleHeading\">\n\t<div class=\"inner\">\n\t\t<span class=\"safiricon icon\"><svg class=\"safiricon-begen\"><use href=\"#safiricon-begen\"><\/use><\/svg><\/span>\t\t<h2 class=\"text\">My Star Enerji: \u041d\u043e\u0432\u044b\u0439 \u0441\u0438\u043b\u044c\u043d\u044b\u0439 \u0430\u0434\u0440\u0435\u0441 \u0441\u0435\u043a\u0442\u043e\u0440\u0430 \u044d\u043b\u0435\u043a\u0442\u0440\u043e\u0442\u0435\u0445\u043d\u0438\u043a\u0438 \u0438 \u044d\u043b\u0435\u043a\u0442\u0440\u043e\u043d\u0438\u043a\u0438<\/h2>\n\t<\/div>\n<\/div>\n\n\n<p>My Star Enerji \u0433\u043e\u0442\u043e\u0432\u0430 \u043f\u0440\u0438\u0432\u043d\u0435\u0441\u0442\u0438 \u043d\u043e\u0432\u043e\u0435 \u0434\u044b\u0445\u0430\u043d\u0438\u0435 \u0432 \u0441\u0435\u043a\u0442\u043e\u0440 \u044d\u043b\u0435\u043a\u0442\u0440\u043e\u0442\u0435\u0445\u043d\u0438\u043a\u0438 \u0438 \u044d\u043b\u0435\u043a\u0442\u0440\u043e\u043d\u0438\u043a\u0438! \u0421 \u043d\u0430\u0448\u0435\u0439 \u043a\u043e\u043c\u0430\u043d\u0434\u043e\u0439 \u044d\u043a\u0441\u043f\u0435\u0440\u0442\u043e\u0432, \u043a\u043e\u0442\u043e\u0440\u0430\u044f \u0441\u0442\u0430\u0432\u0438\u0442 \u0443\u0434\u043e\u0432\u043b\u0435\u0442\u0432\u043e\u0440\u0435\u043d\u043d\u043e\u0441\u0442\u044c \u043a\u043b\u0438\u0435\u043d\u0442\u043e\u0432 \u043d\u0430 \u043f\u0435\u0440\u0432\u043e\u0435 \u043c\u0435\u0441\u0442\u043e, \u043c\u044b \u043a \u0432\u0430\u0448\u0438\u043c \u0443\u0441\u043b\u0443\u0433\u0430\u043c \u0441 \u043f\u0440\u043e\u0434\u0443\u043a\u0446\u0438\u0435\u0439 \u0432\u0435\u0434\u0443\u0449\u0438\u0445 \u0431\u0440\u0435\u043d\u0434\u043e\u0432 \u0432 \u0441\u0435\u043a\u0442\u043e\u0440\u0435 \u043a\u0440\u0438\u0442\u0438\u0447\u0435\u0441\u043a\u0438 \u0432\u0430\u0436\u043d\u044b\u0445 \u043f\u0440\u043e\u0434\u0443\u043a\u0442\u043e\u0432, \u0442\u0430\u043a\u0438\u0445 \u043a\u0430\u043a \u0438\u0437\u043c\u0435\u0440\u0438\u0442\u0435\u043b\u044c\u043d\u044b\u0435 \u0442\u0440\u0430\u043d\u0441\u0444\u043e\u0440\u043c\u0430\u0442\u043e\u0440\u044b \u043d\u0438\u0437\u043a\u043e\u0433\u043e \u0438 \u0441\u0440\u0435\u0434\u043d\u0435\u0433\u043e \u043d\u0430\u043f\u0440\u044f\u0436\u0435\u043d\u0438\u044f, \u0441\u0438\u043b\u043e\u0432\u044b\u0435 \u043a\u043e\u043d\u0434\u0435\u043d\u0441\u0430\u0442\u043e\u0440\u044b, \u043e\u043f\u043e\u0440\u043d\u044b\u0435 \u0438 \u0435\u043c\u043a\u043e\u0441\u0442\u043d\u044b\u0435 \u0438\u0437\u043e\u043b\u044f\u0442\u043e\u0440\u044b, \u0432\u0441\u043f\u043e\u043c\u043e\u0433\u0430\u0442\u0435\u043b\u044c\u043d\u044b\u0435 \u043c\u0430\u0442\u0435\u0440\u0438\u0430\u043b\u044b \u0434\u043b\u044f \u043f\u0430\u043d\u0435\u043b\u0435\u0439.<\/p>\n\n\n<div class=\"singleHeading\">\n\t<div class=\"inner\">\n\t\t<span class=\"safiricon icon\"><svg class=\"safiricon-rss\"><use href=\"#safiricon-rss\"><\/use><\/svg><\/span>\t\t<div class=\"text\">\u043f\u043e\u0447\u0435\u043c\u0443 My Star Enerji?<\/div>\n\t<\/div>\n<\/div>\n\n\n<div class=\"safir-list\" data-col=\"1\"><ul class=\"wp-block-list\">\n<li><strong>\u0411\u044b\u0441\u0442\u0440\u0430\u044f \u0438 \u043d\u0430\u0434\u0435\u0436\u043d\u0430\u044f \u0434\u043e\u0441\u0442\u0430\u0432\u043a\u0430:<\/strong> \u041c\u044b \u0434\u043e\u0441\u0442\u0430\u0432\u043b\u044f\u0435\u043c \u0432\u0430\u0448\u0438 \u0437\u0430\u043a\u0430\u0437\u044b \u0432 \u043a\u0440\u0430\u0442\u0447\u0430\u0439\u0448\u0438\u0435 \u0441\u0440\u043e\u043a\u0438 \u0441 \u043f\u043e\u043c\u043e\u0449\u044c\u044e \u0438\u043c\u0435\u044e\u0449\u0438\u0445\u0441\u044f \u043d\u0430 \u0441\u043a\u043b\u0430\u0434\u0435 \u0442\u043e\u0432\u0430\u0440\u043e\u0432.<\/li>\n\n\n\n<li><strong>\u042d\u043a\u0441\u043f\u0435\u0440\u0442\u043d\u0430\u044f \u0433\u0440\u0443\u043f\u043f\u0430:<\/strong> \u041d\u0430\u0448\u0430 \u043e\u043f\u044b\u0442\u043d\u0430\u044f \u043a\u043e\u043c\u0430\u043d\u0434\u0430 \u043f\u0440\u0435\u0434\u043b\u0430\u0433\u0430\u0435\u0442 \u0432\u0430\u043c \u0441\u043f\u0435\u0446\u0438\u0430\u043b\u044c\u043d\u044b\u0435 \u0440\u0435\u0448\u0435\u043d\u0438\u044f.<\/li>\n\n\n\n<li><strong>\u0428\u0438\u0440\u043e\u043a\u0438\u0439 \u0430\u0441\u0441\u043e\u0440\u0442\u0438\u043c\u0435\u043d\u0442 \u043f\u0440\u043e\u0434\u0443\u043a\u0446\u0438\u0438:<\/strong> T\u00fcm elektrik ve elektronik ihtiya\u00e7lar\u0131n\u0131z i\u00e7in tek noktadan \u00e7\u00f6z\u00fcm.<\/li>\n\n\n\n<li><strong>\u041a\u0430\u0447\u0435\u0441\u0442\u0432\u0435\u043d\u043d\u044b\u0435 \u0431\u0440\u0435\u043d\u0434\u044b:<\/strong> \u0423\u043d\u0438\u0432\u0435\u0440\u0441\u0430\u043b\u044c\u043d\u043e\u0435 \u0440\u0435\u0448\u0435\u043d\u0438\u0435 \u0434\u043b\u044f \u0432\u0441\u0435\u0445 \u0432\u0430\u0448\u0438\u0445 \u044d\u043b\u0435\u043a\u0442\u0440\u0438\u0447\u0435\u0441\u043a\u0438\u0445 \u0438 \u044d\u043b\u0435\u043a\u0442\u0440\u043e\u043d\u043d\u044b\u0445 \u043f\u043e\u0442\u0440\u0435\u0431\u043d\u043e\u0441\u0442\u0435\u0439.<\/li>\n\n\n\n<li><strong>\u041e\u0440\u0438\u0435\u043d\u0442\u0430\u0446\u0438\u044f \u043d\u0430 \u0443\u0434\u043e\u0432\u043b\u0435\u0442\u0432\u043e\u0440\u0435\u043d\u043d\u043e\u0441\u0442\u044c \u043a\u043b\u0438\u0435\u043d\u0442\u043e\u0432:<\/strong> \u041c\u044b \u0440\u0430\u0431\u043e\u0442\u0430\u0435\u043c \u0434\u043b\u044f \u0442\u043e\u0433\u043e, \u0447\u0442\u043e\u0431\u044b \u043d\u0430\u0438\u043b\u0443\u0447\u0448\u0438\u043c \u043e\u0431\u0440\u0430\u0437\u043e\u043c \u0443\u0434\u043e\u0432\u043b\u0435\u0442\u0432\u043e\u0440\u0438\u0442\u044c \u043f\u043e\u0442\u0440\u0435\u0431\u043d\u043e\u0441\u0442\u0438 \u043d\u0430\u0448\u0438\u0445 \u0443\u0432\u0430\u0436\u0430\u0435\u043c\u044b\u0445 \u043a\u043b\u0438\u0435\u043d\u0442\u043e\u0432.<\/li>\n<\/ul><\/div>\n\n\n\n<p><\/p>\n\n\n<div class=\"singleHeading\">\n\t<div class=\"inner\">\n\t\t<span class=\"safiricon icon\"><svg class=\"safiricon-soru\"><use href=\"#safiricon-soru\"><\/use><\/svg><\/span>\t\t<div class=\"text\">\u041d\u0430\u0448\u0438 \u0437\u043e\u043d\u044b \u043e\u0431\u0441\u043b\u0443\u0436\u0438\u0432\u0430\u043d\u0438\u044f:<\/div>\n\t<\/div>\n<\/div>\n\n<div class=\"safir-faq\">\n\t<div class=\"question\">\n\t\t<div class=\"themeicon icon\">\n\t\t\t<span class=\"themeicon icon\"><svg class=\"themeicon-plus\"><use href=\"#themeicon-plus\"><\/use><\/svg><\/span>\t\t\t<span class=\"themeicon icon\"><svg class=\"themeicon-minus\"><use href=\"#themeicon-minus\"><\/use><\/svg><\/span>\t\t<\/div>\n\t\t<span class=\"text\">\u041d\u0438\u0437\u043a\u043e\u0432\u043e\u043b\u044c\u0442\u043d\u044b\u0435 \u0438\u0437\u043c\u0435\u0440\u0438\u0442\u0435\u043b\u044c\u043d\u044b\u0435 \u0442\u0440\u0430\u043d\u0441\u0444\u043e\u0440\u043c\u0430\u0442\u043e\u0440\u044b<\/span>\n\t\t<div class=\"openclose plus\"><\/div>\n\t<\/div>\n\t<div class=\"answer\">\n<p class=\"wp-block-safirtema-sorucevap answer safir-faq\"><\/p>\n<\/div>\n<\/div>\n\n<div class=\"safir-faq\">\n\t<div class=\"question\">\n\t\t<div class=\"themeicon icon\">\n\t\t\t<span class=\"themeicon icon\"><svg class=\"themeicon-plus\"><use href=\"#themeicon-plus\"><\/use><\/svg><\/span>\t\t\t<span class=\"themeicon icon\"><svg class=\"themeicon-minus\"><use href=\"#themeicon-minus\"><\/use><\/svg><\/span>\t\t<\/div>\n\t\t<span class=\"text\">\u0438\u0437\u043c\u0435\u0440\u0438\u0442\u0435\u043b\u044c\u043d\u044b\u0435 \u0442\u0440\u0430\u043d\u0441\u0444\u043e\u0440\u043c\u0430\u0442\u043e\u0440\u044b \u0441\u0440\u0435\u0434\u043d\u0435\u0433\u043e \u043d\u0430\u043f\u0440\u044f\u0436\u0435\u043d\u0438\u044f<\/span>\n\t\t<div class=\"openclose plus\"><\/div>\n\t<\/div>\n\t<div class=\"answer\">\n<p class=\"wp-block-safirtema-sorucevap answer safir-faq\"><\/p>\n<\/div>\n<\/div>\n\n<div class=\"safir-faq\">\n\t<div class=\"question\">\n\t\t<div class=\"themeicon icon\">\n\t\t\t<span class=\"themeicon icon\"><svg class=\"themeicon-plus\"><use href=\"#themeicon-plus\"><\/use><\/svg><\/span>\t\t\t<span class=\"themeicon icon\"><svg class=\"themeicon-minus\"><use href=\"#themeicon-minus\"><\/use><\/svg><\/span>\t\t<\/div>\n\t\t<span class=\"text\">\u0421\u0438\u043b\u043e\u0432\u044b\u0435 \u043a\u043e\u043d\u0434\u0435\u043d\u0441\u0430\u0442\u043e\u0440\u044b<\/span>\n\t\t<div class=\"openclose plus\"><\/div>\n\t<\/div>\n\t<div class=\"answer\">\n<p class=\"wp-block-safirtema-sorucevap answer\"><\/p>\n<\/div>\n<\/div>\n\n<div class=\"safir-faq\">\n\t<div class=\"question\">\n\t\t<div class=\"themeicon icon\">\n\t\t\t<span class=\"themeicon icon\"><svg class=\"themeicon-plus\"><use href=\"#themeicon-plus\"><\/use><\/svg><\/span>\t\t\t<span class=\"themeicon icon\"><svg class=\"themeicon-minus\"><use href=\"#themeicon-minus\"><\/use><\/svg><\/span>\t\t<\/div>\n\t\t<span class=\"text\">\u0418\u0437\u043e\u043b\u044f\u0442\u043e\u0440\u044b \u043e\u043f\u043e\u0440\u043d\u044b\u0435<\/span>\n\t\t<div class=\"openclose plus\"><\/div>\n\t<\/div>\n\t<div class=\"answer\">\n<p class=\"wp-block-safirtema-sorucevap answer\"><\/p>\n<\/div>\n<\/div>\n\n<div class=\"safir-faq\">\n\t<div class=\"question\">\n\t\t<div class=\"themeicon icon\">\n\t\t\t<span class=\"themeicon icon\"><svg class=\"themeicon-plus\"><use href=\"#themeicon-plus\"><\/use><\/svg><\/span>\t\t\t<span class=\"themeicon icon\"><svg class=\"themeicon-minus\"><use href=\"#themeicon-minus\"><\/use><\/svg><\/span>\t\t<\/div>\n\t\t<span class=\"text\">\u0415\u043c\u043a\u043e\u0441\u0442\u043d\u044b\u0435 \u0438\u0437\u043e\u043b\u044f\u0442\u043e\u0440\u044b<\/span>\n\t\t<div class=\"openclose plus\"><\/div>\n\t<\/div>\n\t<div class=\"answer\">\n<p class=\"wp-block-safirtema-sorucevap answer\"><\/p>\n<\/div>\n<\/div>\n\n<div class=\"safir-faq\">\n\t<div class=\"question\">\n\t\t<div class=\"themeicon icon\">\n\t\t\t<span class=\"themeicon icon\"><svg class=\"themeicon-plus\"><use href=\"#themeicon-plus\"><\/use><\/svg><\/span>\t\t\t<span class=\"themeicon icon\"><svg class=\"themeicon-minus\"><use href=\"#themeicon-minus\"><\/use><\/svg><\/span>\t\t<\/div>\n\t\t<span class=\"text\">\u0412\u0441\u043f\u043e\u043c\u043e\u0433\u0430\u0442\u0435\u043b\u044c\u043d\u044b\u0435 \u043c\u0430\u0442\u0435\u0440\u0438\u0430\u043b\u044b \u0434\u043b\u044f \u0434\u043e\u0441\u043a\u0438<\/span>\n\t\t<div class=\"openclose plus\"><\/div>\n\t<\/div>\n\t<div class=\"answer\">\n<p class=\"wp-block-safirtema-sorucevap answer\"><\/p>\n<\/div>\n<\/div>","protected":false},"excerpt":{"rendered":"<p>My Star Enerji \u0433\u043e\u0442\u043e\u0432\u0430 \u043f\u0440\u0438\u0432\u043d\u0435\u0441\u0442\u0438 \u043d\u043e\u0432\u043e\u0435 \u0434\u044b\u0445\u0430\u043d\u0438\u0435 \u0432 \u0441\u0435\u043a\u0442\u043e\u0440 \u044d\u043b\u0435\u043a\u0442\u0440\u043e\u0442\u0435\u0445\u043d\u0438\u043a\u0438 \u0438 \u044d\u043b\u0435\u043a\u0442\u0440\u043e\u043d\u0438\u043a\u0438! \u0421 \u043d\u0430\u0448\u0435\u0439 \u043a\u043e\u043c\u0430\u043d\u0434\u043e\u0439 \u044d\u043a\u0441\u043f\u0435\u0440\u0442\u043e\u0432, \u043a\u043e\u0442\u043e\u0440\u0430\u044f \u0441\u0442\u0430\u0432\u0438\u0442 \u0443\u0434\u043e\u0432\u043b\u0435\u0442\u0432\u043e\u0440\u0435\u043d\u043d\u043e\u0441\u0442\u044c \u043a\u043b\u0438\u0435\u043d\u0442\u043e\u0432 \u043d\u0430 \u043f\u0435\u0440\u0432\u043e\u0435 \u043c\u0435\u0441\u0442\u043e, \u043c\u044b \u043a \u0432\u0430\u0448\u0438\u043c \u0443\u0441\u043b\u0443\u0433\u0430\u043c \u0441 \u043f\u0440\u043e\u0434\u0443\u043a\u0446\u0438\u0435\u0439 \u0432\u0435\u0434\u0443\u0449\u0438\u0445 \u0431\u0440\u0435\u043d\u0434\u043e\u0432 \u0432 \u0441\u0435\u043a\u0442\u043e\u0440\u0435 \u043a\u0440\u0438\u0442\u0438\u0447\u0435\u0441\u043a\u0438 \u0432\u0430\u0436\u043d\u044b\u0445 \u043f\u0440\u043e\u0434\u0443\u043a\u0442\u043e\u0432, \u0442\u0430\u043a\u0438\u0445 \u043a\u0430\u043a \u0438\u0437\u043c\u0435\u0440\u0438\u0442\u0435\u043b\u044c\u043d\u044b\u0435 \u0442\u0440\u0430\u043d\u0441\u0444\u043e\u0440\u043c\u0430\u0442\u043e\u0440\u044b \u043d\u0438\u0437\u043a\u043e\u0433\u043e \u0438 \u0441\u0440\u0435\u0434\u043d\u0435\u0433\u043e \u043d\u0430\u043f\u0440\u044f\u0436\u0435\u043d\u0438\u044f, \u0441\u0438\u043b\u043e\u0432\u044b\u0435 \u043a\u043e\u043d\u0434\u0435\u043d\u0441\u0430\u0442\u043e\u0440\u044b, \u043e\u043f\u043e\u0440\u043d\u044b\u0435 \u0438 \u0435\u043c\u043a\u043e\u0441\u0442\u043d\u044b\u0435 \u0438\u0437\u043e\u043b\u044f\u0442\u043e\u0440\u044b, \u0432\u0441\u043f\u043e\u043c\u043e\u0433\u0430\u0442\u0435\u043b\u044c\u043d\u044b\u0435 \u043c\u0430\u0442\u0435\u0440\u0438\u0430\u043b\u044b \u0434\u043b\u044f \u043f\u0430\u043d\u0435\u043b\u0435\u0439.<\/p>\n","protected":false},"author":1,"featured_media":0,"parent":0,"menu_order":0,"comment_status":"closed","ping_status":"closed","template":"","meta":{"footnotes":""},"class_list":["post-82","page","type-page","status-publish","hentry"],"_links":{"self":[{"href":"http:\/\/www.mystarenerji.com\/Ru\/index.php\/wp-json\/wp\/v2\/pages\/82"}],"collection":[{"href":"http:\/\/www.mystarenerji.com\/Ru\/index.php\/wp-json\/wp\/v2\/pages"}],"about":[{"href":"http:\/\/www.mystarenerji.com\/Ru\/index.php\/wp-json\/wp\/v2\/types\/page"}],"author":[{"embeddable":true,"href":"http:\/\/www.mystarenerji.com\/Ru\/index.php\/wp-json\/wp\/v2\/users\/1"}],"replies":[{"embeddable":true,"href":"http:\/\/www.mystarenerji.com\/Ru\/index.php\/wp-json\/wp\/v2\/comments?post=82"}],"version-history":[{"count":6,"href":"http:\/\/www.mystarenerji.com\/Ru\/index.php\/wp-json\/wp\/v2\/pages\/82\/revisions"}],"predecessor-version":[{"id":1585,"href":"http:\/\/www.mystarenerji.com\/Ru\/index.php\/wp-json\/wp\/v2\/pages\/82\/revisions\/1585"}],"wp:attachment":[{"href":"http:\/\/www.mystarenerji.com\/Ru\/index.php\/wp-json\/wp\/v2\/media?parent=82"}],"curies":[{"name":"wp","href":"https:\/\/api.w.org\/{rel}","templated":true}]}}